{"id":238,"date":"2026-03-15T22:55:56","date_gmt":"2026-03-15T19:55:56","guid":{"rendered":"https:\/\/www.aktionhilfe.eu\/?page_id=238"},"modified":"2026-03-17T13:06:11","modified_gmt":"2026-03-17T10:06:11","slug":"donate","status":"publish","type":"page","link":"https:\/\/www.aktionhilfe.eu\/de\/donate\/","title":{"rendered":"Spenden"},"content":{"rendered":"<div data-elementor-type=\"wp-page\" data-elementor-id=\"238\" class=\"elementor elementor-238\">\n\t\t\t\t<div class=\"elementor-element elementor-element-2fb3e5e animated-slow e-flex e-con-boxed elementor-invisible e-con e-parent\" data-id=\"2fb3e5e\" data-element_type=\"container\" data-e-type=\"container\" data-settings=\"{&quot;background_background&quot;:&quot;classic&quot;,&quot;animation&quot;:&quot;fadeIn&quot;}\">\n\t\t\t\t\t<div class=\"e-con-inner\">\n\t\t\t\t<div class=\"elementor-element elementor-element-cb13dfe elementor-widget elementor-widget-heading\" data-id=\"cb13dfe\" data-element_type=\"widget\" data-e-type=\"widget\" data-widget_type=\"heading.default\">\n\t\t\t\t\t<h2 class=\"elementor-heading-title elementor-size-default\">Unterst\u00fctzen Sie unsere humanit\u00e4re Mission<\/h2>\t\t\t\t<\/div>\n\t\t\t\t<div class=\"elementor-element elementor-element-5f778d2 elementor-widget elementor-widget-text-editor\" data-id=\"5f778d2\" data-element_type=\"widget\" data-e-type=\"widget\" data-widget_type=\"text-editor.default\">\n\t\t\t\t\t\t\t\t\t<p class=\"p1\">Ihre Spende hilft der Aktion Hilfe-Dopomoga gGmbH, humanit\u00e4re Hilfe, praktische Unterst\u00fctzung und direkte Hilfe f\u00fcr Menschen und Gemeinschaften bereitzustellen, die von Krieg, Vertreibung und Not betroffen sind. Sie k\u00f6nnen unsere Arbeit durch eine direkte Bank\u00fcberweisung unter Verwendung der untenstehenden offiziellen Bankdaten der Stiftung unterst\u00fctzen.<\/p>\t\t\t\t\t\t\t\t<\/div>\n\t\t<div class=\"elementor-element elementor-element-e88ee4b e-con-full e-flex e-con e-child\" data-id=\"e88ee4b\" data-element_type=\"container\" data-e-type=\"container\">\n\t\t<div class=\"elementor-element elementor-element-e535989 e-con-full e-flex e-con e-child\" data-id=\"e535989\" data-element_type=\"container\" data-e-type=\"container\">\n\t\t<div class=\"elementor-element elementor-element-87ccac5 e-con-full e-flex e-con e-child\" data-id=\"87ccac5\" data-element_type=\"container\" data-e-type=\"container\">\n\t\t\t\t<div class=\"elementor-element elementor-element-ab526f6 elementor-widget elementor-widget-heading\" data-id=\"ab526f6\" data-element_type=\"widget\" data-e-type=\"widget\" data-widget_type=\"heading.default\">\n\t\t\t\t\t<h2 class=\"elementor-heading-title elementor-size-default\">Bank\u00fcberweisungsdaten<\/h2>\t\t\t\t<\/div>\n\t\t\t\t<div class=\"elementor-element elementor-element-223ce4a animated-slow elementor-invisible elementor-widget elementor-widget-text-editor\" data-id=\"223ce4a\" data-element_type=\"widget\" data-e-type=\"widget\" data-settings=\"{&quot;_animation&quot;:&quot;fadeInLeft&quot;}\" data-widget_type=\"text-editor.default\">\n\t\t\t\t\t\t\t\t\t<p class=\"p1\"><span class=\"s1\"><b>Kontoinhaber:<\/b><\/span> Aktion Hilfe-Dopomoga gGmbH<\/p><p class=\"p1\"><span class=\"s1\"><b>Adresse:<\/b><\/span> Adresse:<\/p><p class=\"p1\"><span class=\"s1\"><b>Bankname:<\/b><\/span> Berliner Volksbank<\/p><p class=\"p2\"><b>Kontonummer:<\/b><span class=\"s2\"> 3048843009<\/span><\/p><p class=\"p1\"><span class=\"s1\"><b>IBAN:<\/b><\/span> DE87 1009 0000 3048 8430 09<\/p><p class=\"p1\"><span class=\"s1\"><b>BIC:<\/b><\/span> BEVODEBB<\/p><p class=\"p1 translation-block\"><span class=\"elementor-icon-list-text\"><b>Email:<\/b> <span style=\"letter-spacing: 0px\">aktiondopomoga@gmail.com<\/span><\/span><\/p><p class=\"p1\">F\u00fcr Spendenbest\u00e4tigungen, partnerschaftsbezogene Unterst\u00fctzung oder weitere Informationen kontaktieren Sie uns bitte unter <b>aktiondopomoga@gmail.com<\/b><\/p>\t\t\t\t\t\t\t\t<\/div>\n\t\t\t\t<div class=\"elementor-element elementor-element-7626553 animated-slow elementor-invisible elementor-widget elementor-widget-heading\" data-id=\"7626553\" data-element_type=\"widget\" data-e-type=\"widget\" data-settings=\"{&quot;_animation&quot;:&quot;zoomIn&quot;}\" data-widget_type=\"heading.default\">\n\t\t\t\t\t<h2 class=\"elementor-heading-title elementor-size-default\">Ihre Unterst\u00fctzung hilft uns, Solidarit\u00e4t in konkrete humanit\u00e4re Hilfe umzusetzen \u2014 dort, wo sie am dringendsten ben\u00f6tigt wird.<\/h2>\t\t\t\t<\/div>\n\t\t\t\t<\/div>\n\t\t\t\t<\/div>\n\t\t\t\t<\/div>\n\t\t\t\t\t<\/div>\n\t\t\t\t<\/div>\n\t\t\t\t<\/div>","protected":false},"excerpt":{"rendered":"<p>Support Our Humanitarian Mission Your donation helps Aktion Hilfe-Dopomoga gGmbH provide humanitarian aid, practical assistance, and direct support to people and communities affected by war, displacement, and hardship. You can support our work through a direct bank transfer using the foundation\u2019s official banking details below. Bank Transfer Details Account Holder: Aktion Hilfe-Dopomoga gGmbH Address: c\/o &#8230; <a title=\"Spenden\" class=\"read-more\" href=\"https:\/\/www.aktionhilfe.eu\/de\/donate\/\" aria-label=\"Mehr Informationen \u00fcber Donate\">Weiterlesen<\/a><\/p>","protected":false},"author":1,"featured_media":0,"parent":0,"menu_order":0,"comment_status":"closed","ping_status":"closed","template":"elementor_header_footer","meta":{"_glsr_average":0,"_glsr_ranking":0,"_glsr_reviews":0,"footnotes":""},"class_list":["post-238","page","type-page","status-publish"],"_links":{"self":[{"href":"https:\/\/www.aktionhilfe.eu\/de\/wp-json\/wp\/v2\/pages\/238","targetHints":{"allow":["GET"]}}],"collection":[{"href":"https:\/\/www.aktionhilfe.eu\/de\/wp-json\/wp\/v2\/pages"}],"about":[{"href":"https:\/\/www.aktionhilfe.eu\/de\/wp-json\/wp\/v2\/types\/page"}],"author":[{"embeddable":true,"href":"https:\/\/www.aktionhilfe.eu\/de\/wp-json\/wp\/v2\/users\/1"}],"replies":[{"embeddable":true,"href":"https:\/\/www.aktionhilfe.eu\/de\/wp-json\/wp\/v2\/comments?post=238"}],"version-history":[{"count":28,"href":"https:\/\/www.aktionhilfe.eu\/de\/wp-json\/wp\/v2\/pages\/238\/revisions"}],"predecessor-version":[{"id":867,"href":"https:\/\/www.aktionhilfe.eu\/de\/wp-json\/wp\/v2\/pages\/238\/revisions\/867"}],"wp:attachment":[{"href":"https:\/\/www.aktionhilfe.eu\/de\/wp-json\/wp\/v2\/media?parent=238"}],"curies":[{"name":"wp","href":"https:\/\/api.w.org\/{rel}","templated":true}]}}