{"id":226,"date":"2026-03-15T22:54:30","date_gmt":"2026-03-15T19:54:30","guid":{"rendered":"https:\/\/www.aktionhilfe.eu\/?page_id=226"},"modified":"2026-03-31T13:37:41","modified_gmt":"2026-03-31T10:37:41","slug":"about","status":"publish","type":"page","link":"https:\/\/www.aktionhilfe.eu\/de\/about\/","title":{"rendered":"About"},"content":{"rendered":"<div data-elementor-type=\"wp-page\" data-elementor-id=\"226\" class=\"elementor elementor-226\">\n\t\t\t\t<div class=\"elementor-element elementor-element-314469c animated-slow e-flex e-con-boxed elementor-invisible e-con e-parent\" data-id=\"314469c\" data-element_type=\"container\" data-e-type=\"container\" data-settings=\"{&quot;animation&quot;:&quot;fadeIn&quot;}\">\n\t\t\t\t\t<div class=\"e-con-inner\">\n\t\t<div class=\"elementor-element elementor-element-4acac3d e-con-full e-flex e-con e-child\" data-id=\"4acac3d\" data-element_type=\"container\" data-e-type=\"container\">\n\t\t<div class=\"elementor-element elementor-element-924d465 e-con-full e-flex e-con e-child\" data-id=\"924d465\" data-element_type=\"container\" data-e-type=\"container\">\n\t\t\t\t<div class=\"elementor-element elementor-element-7cd54e2 elementor-widget elementor-widget-image\" data-id=\"7cd54e2\" data-element_type=\"widget\" data-e-type=\"widget\" data-widget_type=\"image.default\">\n\t\t\t\t\t\t\t\t\t\t\t\t\t\t\t<img fetchpriority=\"high\" decoding=\"async\" width=\"900\" height=\"600\" src=\"https:\/\/www.aktionhilfe.eu\/wp-content\/uploads\/2026\/03\/B0A1D191-E144-4628-B8E4-F80F4CCDC0C1-1024x683.png\" class=\"attachment-large size-large wp-image-51\" alt=\"\" srcset=\"https:\/\/www.aktionhilfe.eu\/wp-content\/uploads\/2026\/03\/B0A1D191-E144-4628-B8E4-F80F4CCDC0C1-1024x683.png 1024w, https:\/\/www.aktionhilfe.eu\/wp-content\/uploads\/2026\/03\/B0A1D191-E144-4628-B8E4-F80F4CCDC0C1-300x200.png 300w, https:\/\/www.aktionhilfe.eu\/wp-content\/uploads\/2026\/03\/B0A1D191-E144-4628-B8E4-F80F4CCDC0C1-768x512.png 768w, https:\/\/www.aktionhilfe.eu\/wp-content\/uploads\/2026\/03\/B0A1D191-E144-4628-B8E4-F80F4CCDC0C1.png 1536w\" sizes=\"(max-width: 900px) 100vw, 900px\" \/>\t\t\t\t\t\t\t\t\t\t\t\t\t\t\t<\/div>\n\t\t\t\t<\/div>\n\t\t\t\t<\/div>\n\t\t<div class=\"elementor-element elementor-element-764ccc4 e-con-full e-flex e-con e-child\" data-id=\"764ccc4\" data-element_type=\"container\" data-e-type=\"container\">\n\t\t\t\t<div class=\"elementor-element elementor-element-2bdd505 elementor-widget elementor-widget-heading\" data-id=\"2bdd505\" data-element_type=\"widget\" data-e-type=\"widget\" data-widget_type=\"heading.default\">\n\t\t\t\t\t<h3 class=\"elementor-heading-title elementor-size-default\">About Us<\/h3>\t\t\t\t<\/div>\n\t\t\t\t<div class=\"elementor-element elementor-element-51c5dbb elementor-widget elementor-widget-text-editor\" data-id=\"51c5dbb\" data-element_type=\"widget\" data-e-type=\"widget\" data-widget_type=\"text-editor.default\">\n\t\t\t\t\t\t\t\t\t<p style=\"font-weight: 400;\"><strong>\u00a0 \u00a0 \u00a0 \u00a0 \u00a0 \u00a0 \u00a0 Aktion Hilfe &#8211; Dopomoga gGmbH<\/strong> wurde 2022 in Berlin gegr\u00fcndet und verfolgt ausschlie\u00dflich und unmittelbar gemeinn\u00fctzige Zwecke im Kontext der Ukraine-Hilfe.<\/p><p style=\"font-weight: 400;\">Die Gesellschaft setzt der Aufgabe, F\u00f6rderung der Hilfe f\u00fcr Kriegsopfer, Kriegshinterbliebene, Kriegsbesch\u00e4digte, Kriegsgefangene und Zivilbesch\u00e4digte insbesondere im Zusammenhang mit dem Angriffskrieg gegen die Ukraine zu sichern.<\/p><ul><li style=\"font-weight: 400;\">Der Satzungszweck wird verwirklicht insbesondere durch die Entgegennahme von Sach- und Geldspenden realisiert. Geldmittel werden genutzt, um ben\u00f6tigte G\u00fcter f\u00fcr die Bev\u00f6lkerung in den Kriegsgebieten anzukaufen.<\/li><li style=\"font-weight: 400;\">Die Organisation transportiert diese angekauften G\u00fcter sowie entgegengenommene Sachspenden direkt zum Bestimmungsort. Dort werden die G\u00fcter kostenlos an den berechtigten Personenkreis verteilt.<br \/><br \/><\/li><li style=\"font-weight: 400;\">Die Gesellschaft ist selbstlos t\u00e4tig und verfolgt keine eigenwirtschaftlichen Zwecke.<\/li><\/ul>\t\t\t\t\t\t\t\t<\/div>\n\t\t\t\t<\/div>\n\t\t\t\t\t<\/div>\n\t\t\t\t<\/div>\n\t\t<div class=\"elementor-element elementor-element-7b0f5cd e-flex e-con-boxed e-con e-parent\" data-id=\"7b0f5cd\" data-element_type=\"container\" data-e-type=\"container\">\n\t\t\t\t\t<div class=\"e-con-inner\">\n\t\t\t\t<div class=\"elementor-element elementor-element-53b0d25 elementor-widget elementor-widget-text-editor\" data-id=\"53b0d25\" data-element_type=\"widget\" data-e-type=\"widget\" data-widget_type=\"text-editor.default\">\n\t\t\t\t\t\t\t\t\t<p style=\"font-weight: 400;\"><strong>\u00a0 \u00a0 \u00a0 Aktion Hilfe-Dopomoga<\/strong> Aktion Hilfe-Dopomoga ist eine humanit\u00e4re Stiftung, die sich der Unterst\u00fctzung von Menschen widmet, die von Krieg, Vertreibung und Not betroffen sind.<br \/>Unsere Mission ist es, bed\u00fcrftigen Einzelpersonen, Familien und Gemeinschaften praktische Hilfe, Soforthilfe und mitf\u00fchlende Unterst\u00fctzung zu leisten.<\/p><p style=\"font-weight: 400;\">Wir sind \u00fcberzeugt, dass humanit\u00e4re Hilfe mit W\u00fcrde, Verantwortung und menschlicher Solidarit\u00e4t beginnt.<\/p><p style=\"font-weight: 400;\">Durch direkte Hilfe, vertrauensvolle Partnerschaften und internationale Zusammenarbeit streben wir danach, dort wirksame Hilfe zu leisten, wo sie am dringendsten ben\u00f6tigt wird \u2013 von lebensnotwendigen G\u00fctern und medizinischer Versorgung bis hin zu gemeindenahen Wiederaufbauma\u00dfnahmen.\n\nUnsere Arbeit ist gepr\u00e4gt von Transparenz, F\u00fcrsorge und dem langfristigen Ziel, Hoffnung und Stabilit\u00e4t wiederherzustellen. Wir stehen an der Seite derer, die mit Krisen und Unsicherheit konfrontiert sind, und bauen weiterhin Br\u00fccken zwischen Unterst\u00fctzern, Partnern und Gemeinschaften, um schnellstm\u00f6glich humanit\u00e4re Hilfe zu leisten.<\/p>\t\t\t\t\t\t\t\t<\/div>\n\t\t\t\t\t<\/div>\n\t\t\t\t<\/div>\n\t\t<div class=\"elementor-element elementor-element-e7d5a75 e-flex e-con-boxed e-con e-parent\" data-id=\"e7d5a75\" data-element_type=\"container\" data-e-type=\"container\">\n\t\t\t\t\t<div class=\"e-con-inner\">\n\t\t\t\t<div class=\"elementor-element elementor-element-edcc2f5 elementor-widget elementor-widget-html\" data-id=\"edcc2f5\" data-element_type=\"widget\" data-e-type=\"widget\" data-widget_type=\"html.default\">\n\t\t\t\t\t<button id=\"backToTop\" aria-label=\"Back to top\">\u2191<\/button>\n\n<style>\n#backToTop {\n  position: fixed;\n  right: 24px;\n  bottom: 24px;\n  width: 52px;\n  height: 52px;\n  border: 1px solid rgba(255, 255, 255, 0.28);\n  border-radius: 50%;\n  background: rgba(255, 255, 255, 0.16);\n  backdrop-filter: blur(10px);\n  -webkit-backdrop-filter: blur(10px);\n  color: #f7f3ee;\n  font-size: 24px;\n  line-height: 1;\n  box-shadow: 0 6px 16px rgba(79, 64, 56, 0.16);\n  cursor: pointer;\n  display: none;\n  align-items: center;\n  justify-content: center;\n  z-index: 9999;\n  transition: background 0.25s ease, transform 0.2s ease, box-shadow 0.25s ease, border-color 0.25s ease;\n}\n\n#backToTop:hover {\n  background: rgba(255, 255, 255, 0.22);\n  border-color: rgba(255, 255, 255, 0.38);\n  box-shadow: 0 8px 18px rgba(79, 64, 56, 0.20);\n}\n\n#backToTop:active {\n  transform: scale(0.96);\n}\n\n@media (max-width: 768px) {\n  #backToTop {\n    right: 18px;\n    bottom: 18px;\n    width: 48px;\n    height: 48px;\n    font-size: 22px;\n  }\n}\n<\/style>\n\n<script>\ndocument.addEventListener(\"DOMContentLoaded\", function () {\n  const backToTop = document.getElementById(\"backToTop\");\n  if (!backToTop) return;\n\n  window.addEventListener(\"scroll\", function () {\n    if (window.scrollY > 300) {\n      backToTop.style.display = \"flex\";\n    } else {\n      backToTop.style.display = \"none\";\n    }\n  });\n\n  backToTop.addEventListener(\"click\", function () {\n    window.scrollTo({\n      top: 0,\n      behavior: \"smooth\"\n    });\n  });\n});\n<\/script>\t\t\t\t<\/div>\n\t\t\t\t\t<\/div>\n\t\t\t\t<\/div>\n\t\t\t\t<\/div>","protected":false},"excerpt":{"rendered":"<p>About Us \u00a0 \u00a0 \u00a0 \u00a0 \u00a0 \u00a0 \u00a0 Aktion Hilfe &#8211; Dopomoga gGmbH was founded in Berlin in 2022 and pursues exclusively and directly charitable purposes in the context of aid to Ukraine. The company&#8217;s mission is to ensure the promotion of aid for war victims, war widows and orphans, war-disabled persons, prisoners of &#8230; <a title=\"About\" class=\"read-more\" href=\"https:\/\/www.aktionhilfe.eu\/de\/about\/\" aria-label=\"Mehr Informationen \u00fcber About\">Weiterlesen<\/a><\/p>","protected":false},"author":1,"featured_media":0,"parent":0,"menu_order":0,"comment_status":"closed","ping_status":"closed","template":"elementor_header_footer","meta":{"_glsr_average":0,"_glsr_ranking":0,"_glsr_reviews":0,"footnotes":""},"class_list":["post-226","page","type-page","status-publish"],"_links":{"self":[{"href":"https:\/\/www.aktionhilfe.eu\/de\/wp-json\/wp\/v2\/pages\/226","targetHints":{"allow":["GET"]}}],"collection":[{"href":"https:\/\/www.aktionhilfe.eu\/de\/wp-json\/wp\/v2\/pages"}],"about":[{"href":"https:\/\/www.aktionhilfe.eu\/de\/wp-json\/wp\/v2\/types\/page"}],"author":[{"embeddable":true,"href":"https:\/\/www.aktionhilfe.eu\/de\/wp-json\/wp\/v2\/users\/1"}],"replies":[{"embeddable":true,"href":"https:\/\/www.aktionhilfe.eu\/de\/wp-json\/wp\/v2\/comments?post=226"}],"version-history":[{"count":22,"href":"https:\/\/www.aktionhilfe.eu\/de\/wp-json\/wp\/v2\/pages\/226\/revisions"}],"predecessor-version":[{"id":1273,"href":"https:\/\/www.aktionhilfe.eu\/de\/wp-json\/wp\/v2\/pages\/226\/revisions\/1273"}],"wp:attachment":[{"href":"https:\/\/www.aktionhilfe.eu\/de\/wp-json\/wp\/v2\/media?parent=226"}],"curies":[{"name":"wp","href":"https:\/\/api.w.org\/{rel}","templated":true}]}}